{"id":75,"date":"2019-10-26T16:10:26","date_gmt":"2019-10-26T14:10:26","guid":{"rendered":"http:\/\/tobroprod.org\/produit\/import-placeholder-for-106\/"},"modified":"2019-10-28T15:37:35","modified_gmt":"2019-10-28T14:37:35","slug":"a-wonder-plane-to-2019-cd-digipack","status":"publish","type":"product","link":"https:\/\/tobroprod.org\/boutique\/produit\/a-wonder-plane-to-2019-cd-digipack\/","title":{"rendered":"\u00ab\u00a0A wonder plane to&#8230;\u00a0\u00bb (2019) &#8211; CD digipack"},"content":{"rendered":"<div class=\"tralbumData tralbum-credits\"><strong><span class=\"s1\">Nilok4tet &amp; Daniel Zimmermann<\/span><\/strong><\/div>\n<div class=\"tralbumData tralbum-credits\"><strong><em>\u00ab\u00a0A wonder plane to&#8230;\u00a0\u00bb<\/em>\u00a0 <\/strong><\/div>\n<div class=\"tralbumData tralbum-credits\">CD digipack\u00a0 (<span class=\"s2\"><i>ref: <\/i><\/span><span class=\"s3\"><span class=\"s3\">001\/2019\/LP\/1) tobroprod\/alfred production 2019<br \/>\n<\/span><\/span>Design par Lo Mosambi\/Colin Jore.<\/div>\n<div class=\"tralbumData tralbum-credits\">Compos\u00e9 et arrang\u00e9 par Colin Jore sauf \u00ab\u00a0Vibratil\u00a0\u00bb compos\u00e9 par Julien Taillefer.<\/div>\n<div><\/div>\n<div class=\"tralbumData tralbum-credits\">\n<p class=\"p1\">1. 68 l\u2019\u00e9t\u00e9 &#8211; 12\u201935\u2019\u2019<\/p>\n<p class=\"p1\">2. The green fish in a tunnel &#8211; 10\u201955\u2019\u2019<\/p>\n<p class=\"p1\">3. Runn &#8211; 8\u201904\u2019\u2019<\/p>\n<p class=\"p1\">4. Vibratil &#8211; 6\u201950\u2019\u2019<\/p>\n<p class=\"p1\">5. Five fingers up &#8211; 5\u201948\u2019\u2019<\/p>\n<p class=\"p1\">6. Naseaux inqui\u00e9tants &#8211; 8\u201911\u2019\u2019<\/p>\n<p class=\"p1\">7. Au coeur du mal &#8211; 6\u201952\u2019\u2019<\/p>\n<p class=\"p1\">8. Experience 1999 &#8211; 10\u201913\u2019\u2019<\/p>\n<\/div>\n<div class=\"tralbumData tralbum-credits\">\n<p>&nbsp;<\/p>\n<p>Line up:<\/p>\n<p>Colin JORE: compositions, contrebasse, basse, programmations.<br \/>\nYvan Picault: sax t\u00e9nor, fl\u00fbte, clarinette basse.<br \/>\nFabien Duscombs: batterie.<br \/>\nXavier Gainche*: piano, f.rhodes, orgue. * Julien Tou\u00e9ry en tourn\u00e9e 2019-20!<br \/>\nDaniel Zimmermann: trombone<\/p>\n<p>Credits:<\/p>\n<p>Enregistr\u00e9 par Ananda Cherer au studio Elixir \u00e0 Toulouse) en Decembre 2018<br \/>\nMix\u00e9 par Bertrand Fresel au studio Juno \u00e0 Yerres) en Mars 2019<br \/>\nMasteris\u00e9 par R\u00e9mi Lauren\u00e7on \u00e0 Marciac en Juin 2019<br \/>\nGraphisme: Lo Mosambi et Colin Jore<br \/>\nDistribution: Orkhestra<br \/>\nAttach\u00e9 de presse: Nicolas Favier +336 34 06 21 09 communication@la-centrifugeuse.fr.<\/p>\n<p>Contact management, booking: Colin Jore +336 11 81 35 90\u00a0<a href=\"mailto:contact@tobroprod.org\">contact@tobroprod.org<\/a><br \/>\n<a href=\"http:\/\/tobroprod.org\/nilok4tet.html\">tobroprod.org\/nilok4tet.html<\/a><\/p>\n<\/div>\n<div><\/div>\n<div id=\"license\" class=\"info license\">all rights reserved<\/div>\n","protected":false},"excerpt":{"rendered":"<div class=\"tralbumData tralbum-credits\">\n<div class=\"tralbumData tralbum-credits\"><span class=\"s1\">Nilok4tet &amp; Daniel Zimmermann<\/span><\/div>\n<div class=\"tralbumData tralbum-credits\"><em>\u00ab\u00a0A wonder plane to&#8230;\u00a0\u00bb<\/em>\u00a0 CD digipack\u00a0 (<span class=\"s2\"><i>ref: <\/i><\/span><span class=\"s3\">001\/2019\/LP\/1) <i>tobroprod\/alfred production 2019<\/i><br \/>\n<\/span>Design par Lo Mosambi\/Colin Jore.<\/div>\n<div class=\"tralbumData tralbum-credits\">Compos\u00e9 et arrang\u00e9 par Colin Jore sauf \u00ab\u00a0Vibratil\u00a0\u00bb compos\u00e9 par Julien Taillefer.<\/div>\n<div><\/div>\n<div class=\"tralbumData tralbum-credits\">\n<p class=\"p1\">1. 68 l\u2019\u00e9t\u00e9 &#8211; 12\u201935\u2019\u2019<\/p>\n<p>2. The green fish in a tunnel &#8211; 10\u201955\u2019\u2019<\/p>\n<p>3. Runn &#8211; 8\u201904\u2019\u2019<\/p>\n<p>4. Vibratil &#8211; 6\u201950\u2019\u2019<\/p>\n<p>5. Five fingers up &#8211; 5\u201948\u2019\u2019<\/p>\n<p>6. Naseaux inqui\u00e9tants &#8211; 8\u201911\u2019\u2019<\/p>\n<p>7. Au coeur du mal &#8211; 6\u201952\u2019\u2019<\/p>\n<p>8. Experience 1999 &#8211; 10\u201913\u2019\u2019<\/p>\n<\/div>\n<\/div>\n","protected":false},"featured_media":15,"template":"","meta":[],"_links":{"self":[{"href":"https:\/\/tobroprod.org\/boutique\/wp-json\/wp\/v2\/product\/75"}],"collection":[{"href":"https:\/\/tobroprod.org\/boutique\/wp-json\/wp\/v2\/product"}],"about":[{"href":"https:\/\/tobroprod.org\/boutique\/wp-json\/wp\/v2\/types\/product"}],"wp:featuredmedia":[{"embeddable":true,"href":"https:\/\/tobroprod.org\/boutique\/wp-json\/wp\/v2\/media\/15"}],"wp:attachment":[{"href":"https:\/\/tobroprod.org\/boutique\/wp-json\/wp\/v2\/media?parent=75"}],"curies":[{"name":"wp","href":"https:\/\/api.w.org\/{rel}","templated":true}]}}