{"id":5576,"date":"2021-05-06T12:40:06","date_gmt":"2021-05-06T10:40:06","guid":{"rendered":"https:\/\/tobroprod.org\/boutique\/?post_type=product&#038;p=5576"},"modified":"2021-05-09T17:38:31","modified_gmt":"2021-05-09T15:38:31","slug":"pantagruel-resolu-2021-faire-un-gros-don","status":"publish","type":"product","link":"https:\/\/tobroprod.org\/boutique\/produit\/pantagruel-resolu-2021-faire-un-gros-don\/","title":{"rendered":"\u00ab\u00a0Pantagruel R\u00e9solu\u00a0\u00bb\u00a02021 &#8211; FAIRE UN GROS DON!!!"},"content":{"rendered":"<h5 style=\"text-align: center;\"><strong>POUR SOUTENIR LA PRODUCTION DE CET ALBUM FAITES UN GROS DON!!! <\/strong><\/h5>\n<h5 style=\"text-align: center;\"><strong>CHOISISSEZ LE MONTANT (50\u20ac MINIMUM) ET:<\/strong><\/h5>\n<p>&nbsp;<\/p>\n<h5 style=\"text-align: center;\"><strong>RECEVEZ L&rsquo;ALBUM D\u00c9DICAC\u00c9 PAR L&rsquo;\u00c9QUIPE <\/strong><\/h5>\n<h5 style=\"text-align: center;\"><strong>+ INVITATION RELEASE PARTY-\u00a0<\/strong><\/h5>\n<h5 style=\"text-align: center;\"><strong>\u00a0+ S\u00c9RIGRAPHIE SERIE LIMIT\u00c9E PAR JEAN MOSAMBI<\/strong><\/h5>\n<h5 style=\"text-align: center;\"><strong>+ UNE SELECTION DE CD DE NOS DIVERSES PRODUCTIONS<\/strong><\/h5>\n<h5 style=\"text-align: center;\"><strong>+\u00a0 VOTRE NOM AU G\u00c9N\u00c9RIQUE !<\/strong><\/h5>\n<h5 style=\"text-align: center;\"><strong>+\u00a0 RECONNAISSANCE ETERNELLE !<\/strong><\/h5>\n<p>&nbsp;<\/p>\n<h5 style=\"text-align: center;\"><strong>LIVRAISON EN JUIN 2021 &#8211;\u00a0<\/strong><\/h5>\n<p>&nbsp;<\/p>\n<h5><strong><span class=\"s1\">Legraux Tobrogo\u00ef &#8211; <i>Pantagruel R\u00e9solu<\/i><\/span><\/strong><\/h5>\n<h5><strong><span class=\"s1\">CD digisleeve 3 volets\u00a0 (<i>ref: ALF<\/i>002CD) tobroprod\/alfred production 2021<\/span><\/strong><\/h5>\n<h5><\/h5>\n<h5><strong><span style=\"text-decoration: underline;\">Track list<\/span>:<\/strong><\/h5>\n<h5 class=\"p1\"><span class=\"s1\">1. Pitre provisoire (N.Poirier) &#8211; 7\u201931\u2019\u2019<\/span><\/h5>\n<h5 class=\"p1\"><span class=\"s1\">2. Un Slip et des bottes (N.Renoux) &#8211; 5\u201916\u2019\u2019<\/span><\/h5>\n<h5 class=\"p1\"><span class=\"s1\">3. Oil Oil Oil<span class=\"Apple-converted-space\">\u00a0 <\/span>(C.Jore)<span class=\"Apple-converted-space\">\u00a0 <\/span>&#8211; 5\u201925\u2019\u2019<\/span><\/h5>\n<h5 class=\"p1\"><span class=\"s1\">4. Turbulances (N.Poirier)<span class=\"Apple-converted-space\">\u00a0 <\/span>&#8211; 5\u201956\u2019\u2019<\/span><\/h5>\n<h5 class=\"p1\"><span class=\"s1\">5. Une poire pour la soif (N.Poirier) &#8211; 5\u201957\u2019<\/span><\/h5>\n<h5 class=\"p1\"><span class=\"s1\">6. End of Edmond (N.Poirier) &#8211; 7\u201958\u2019\u2019<\/span><\/h5>\n<h5 class=\"p1\"><span class=\"s1\">7. Arr\u00eate ton char (N.Poirier) &#8211; 5\u201928\u2019\u2019<\/span><\/h5>\n<h5 class=\"p1\"><span class=\"s1\">8. Passpawtampon<span class=\"Apple-converted-space\">\u00a0 <\/span>(C.Jore) &#8211; 4\u201916\u2019\u2019<\/span><\/h5>\n<h5 class=\"p1\"><span class=\"s1\">Dur\u00e9e totale: 47\u201947\u2019\u2019<\/span><\/h5>\n<h5><\/h5>\n<h5 class=\"p1\"><strong><span class=\"s1\"><span style=\"text-decoration: underline;\">Line up<\/span>:<\/span><\/strong><\/h5>\n<h5 class=\"p1\"><span class=\"s1\">Fabien Duscombs: batterie \/\/ <\/span><span class=\"s1\">Colin Jore:<span class=\"Apple-converted-space\">\u00a0 <\/span>contrebasse, basse \u00e9lectrique \/\/ Florian Nastorg: saxophone baryton \/\/ <\/span><span class=\"s1\">Yvan Picault: saxophone t\u00e9nor \/\/ Nicolas Poirier: guitares \/\/ <\/span><span class=\"s1\">Nathana\u00ebl Renoux: trompette<\/span><\/h5>\n<h5><\/h5>\n<h5 class=\"p1\"><strong><span class=\"s1\"><span style=\"text-decoration: underline;\">Credits<\/span>:<\/span><\/strong><\/h5>\n<h5 class=\"p1\"><span class=\"s1\">Enregistr\u00e9 par Simon Baconnier au studio de La Lune Rouge en F\u00e9vrier 2021<br \/>\nMixage et mastering par Ananda Cherer<span class=\"Apple-converted-space\">\u00a0 <\/span>\u00e0 A.D.H.F en Mars 2021<br \/>\nGraphisme : Colin Jore\/<span class=\"Apple-converted-space\">\u00a0 <\/span>Lo Mosambi <\/span><\/h5>\n<h5 class=\"p1\"><span class=\"s1\">Design logo\/r\u00e9seaux :<span class=\"Apple-converted-space\">\u00a0 <\/span>Lo Mosambi<br \/>\nDistribution : INOU\u00cf<br \/>\nAttach\u00e9 de presse: EN COURS<\/span><\/h5>\n<h5 class=\"p1\"><span class=\"s1\">Contact management, booking: +336 11 81 35 90\u00a0<a href=\"mailto:contact@tobroprod.org\"><span class=\"s2\">contact@tobroprod.org<\/span><\/a><\/span><\/h5>\n<h5 class=\"p3\"><span class=\"s3\"><a href=\"http:\/\/tobroprod.org\/legraux.html\">http:\/\/tobroprod.org\/legraux.html<\/a><\/span><span class=\"s1\"><br \/>\nhttps:\/\/www.facebook.com\/legraux<\/span><\/h5>\n<h5><\/h5>\n<h5 class=\"p1\"><span class=\"s1\">Merci \u00e0 tout les \u00ab\u00a0r\u00e9solus\u00a0\u00bb!<\/span><\/h5>\n<h5 class=\"p1\"><span class=\"s1\">\u00a0<\/span><\/h5>\n<h5 class=\"p1\"><span class=\"s1\">all rights reserved<\/span><\/h5>\n","protected":false},"excerpt":{"rendered":"<p>POUR SOUTENIR LA PRODUCTION DE CET ALBUM FAITES UN GROS DON!!! CHOISISSEZ LE MONTANT (50\u20ac MINIMUM) ET: &nbsp; RECEVEZ L&rsquo;ALBUM D\u00c9DICAC\u00c9 PAR L&rsquo;\u00c9QUIPE + INVITATION RELEASE PARTY-\u00a0 \u00a0+ S\u00c9RIGRAPHIE SERIE LIMIT\u00c9E PAR JEAN MOSAMBI + UNE SELECTION DE CD DE NOS DIVERSES PRODUCTIONS +\u00a0 VOTRE NOM AU G\u00c9N\u00c9RIQUE ! +\u00a0 RECONNAISSANCE ETERNELLE ! &nbsp; LIVRAISON [&hellip;]<\/p>\n","protected":false},"featured_media":5619,"template":"","meta":[],"_links":{"self":[{"href":"https:\/\/tobroprod.org\/boutique\/wp-json\/wp\/v2\/product\/5576"}],"collection":[{"href":"https:\/\/tobroprod.org\/boutique\/wp-json\/wp\/v2\/product"}],"about":[{"href":"https:\/\/tobroprod.org\/boutique\/wp-json\/wp\/v2\/types\/product"}],"wp:featuredmedia":[{"embeddable":true,"href":"https:\/\/tobroprod.org\/boutique\/wp-json\/wp\/v2\/media\/5619"}],"wp:attachment":[{"href":"https:\/\/tobroprod.org\/boutique\/wp-json\/wp\/v2\/media?parent=5576"}],"curies":[{"name":"wp","href":"https:\/\/api.w.org\/{rel}","templated":true}]}}