{"id":150,"date":"2019-10-28T15:22:03","date_gmt":"2019-10-28T14:22:03","guid":{"rendered":"https:\/\/tobroprod.org\/boutique\/?page_id=150"},"modified":"2019-10-28T15:22:03","modified_gmt":"2019-10-28T14:22:03","slug":"conditions-generales-de-vente","status":"publish","type":"page","link":"https:\/\/tobroprod.org\/boutique\/conditions-generales-de-vente\/","title":{"rendered":"conditions g\u00e9n\u00e9rales de vente"},"content":{"rendered":"\n<p>Clause n\u00b0 1 : Objet<\/p>\n\n\n\n<p>Les conditions g\u00e9n\u00e9rales de vente d\u00e9crites ci-apr\u00e8s d\u00e9taillent les droits et obligations d\u2019 ALFRED PRODUCTIONS et de son client dans le cadre de la vente des marchandises suivantes : &#8230; (le vendeur doit recenser les marchandises soumises aux CGV).<\/p>\n\n\n\n<p>Toute prestation accomplie par ALFRED PRODUCTIONS implique donc l&rsquo;adh\u00e9sion sans r\u00e9serve de l&rsquo;acheteur aux pr\u00e9sentes conditions g\u00e9n\u00e9rales de vente.<\/p>\n\n\n\n<p>Clause n\u00b0 2 : Prix<\/p>\n\n\n\n<p>Les prix des marchandises vendues sont ceux en vigueur au jour de la prise de commande. Ils sont libell\u00e9s en euros et calcul\u00e9s TTC.<\/p>\n\n\n\n<p>Clause n\u00b0 3 : Rabais et ristournes<\/p>\n\n\n\n<p>Les tarifs propos\u00e9s comprennent les rabais et ristournes que lALFRED PRODUCTIONS serait amen\u00e9e \u00e0 octroyer compte tenu de ses r\u00e9sultats ou de la prise en charge par l&rsquo;acheteur de certaines prestations.<\/p>\n\n\n\n<p>Clause n\u00b0 4 : Escompte<\/p>\n\n\n\n<p>Aucun escompte ne sera consenti en cas de paiement anticip\u00e9.<\/p>\n\n\n\n<p>Clause n\u00b0 5 : Modalit\u00e9s de paiement<\/p>\n\n\n\n<p>Le r\u00e8glement des commandes s&rsquo;effectue :<\/p>\n\n\n\n<ul><li>soit par ch\u00e8que ;<\/li><li>soit par carte bancaire ;<\/li><li>lsoit par PAYPAL<\/li><\/ul>\n\n\n\n<p>Clause n\u00b0 6 : Retard de paiement<\/p>\n\n\n\n<p>NEANT<\/p>\n\n\n\n<p>Clause n\u00b0 7 : Clause r\u00e9solutoire<\/p>\n\n\n\n<p>NEANT&nbsp;<\/p>\n\n\n\n<p>Clause n\u00b0 8 : Clause de r\u00e9serve de propri\u00e9t\u00e9<\/p>\n\n\n\n<p>NEANT<\/p>\n\n\n\n<p>Clause n\u00b0 9 : Livraison<\/p>\n\n\n\n<p>La livraison est effectu\u00e9e par courrier postal.<\/p>\n\n\n\n<p>Le d\u00e9lai de livraison indiqu\u00e9 lors de l&rsquo;enregistrement de la commande n&rsquo;est donn\u00e9 qu&rsquo;\u00e0 titre indicatif et n&rsquo;est aucunement garanti.<\/p>\n\n\n\n<p>Par voie de cons\u00e9quence, tout retard raisonnable dans la livraison des produits ne pourra pas donner lieu au profit de l&rsquo;acheteur \u00e0 :<\/p>\n\n\n\n<ul><li>l&rsquo;allocation de dommages et int\u00e9r\u00eats ;<\/li><li>l&rsquo;annulation de la commande.<\/li><li>Le risque du transport est support\u00e9 en totalit\u00e9 par l&rsquo;acheteur.<\/li><li>En cas de marchandises manquantes ou d\u00e9t\u00e9rior\u00e9es lors du transport, l&rsquo;acheteur devra formuler toutes les r\u00e9serves n\u00e9cessaires sur le bon de commande \u00e0 r\u00e9ception desdites marchandises. Ces r\u00e9serves devront \u00eatre, en outre, confirm\u00e9es par \u00e9crit dans les cinq jours suivant la livraison, par courrier recommand\u00e9 AR.<\/li><\/ul>\n\n\n\n<p>Clause n\u00b0 10 : Force majeure<\/p>\n\n\n\n<ul><li>La responsabilit\u00e9 de la soci\u00e9t\u00e9 &#8230; (d\u00e9nomination sociale) ne pourra pas \u00eatre mise en oeuvre si la non-ex\u00e9cution ou le retard dans l&rsquo;ex\u00e9cution de l&rsquo;une de ses obligations d\u00e9crites dans les pr\u00e9sentes conditions g\u00e9n\u00e9rales de vente d\u00e9coule d&rsquo;un cas de force majeure. \u00c0 ce titre, la force majeure s&rsquo;entend de tout \u00e9v\u00e9nement ext\u00e9rieur, impr\u00e9visible et irr\u00e9sistible au sens de l&rsquo;article 1148 du Code civil.<\/li><li><br><\/li><\/ul>\n\n\n\n<p>Clause n\u00b0 11 : Tribunal comp\u00e9tent<\/p>\n\n\n\n<p>Tout litige relatif \u00e0 l&rsquo;interpr\u00e9tation et \u00e0 l&rsquo;ex\u00e9cution des pr\u00e9sentes conditions g\u00e9n\u00e9rales de vente est soumis au droit fran\u00e7ais.<\/p>\n\n\n\n<p>\u00c0 d\u00e9faut de r\u00e9solution amiable, le litige sera port\u00e9 devant le Tribunal de commerce &#8230; (lieu du si\u00e8ge social).<\/p>\n\n\n\n<p>Fait \u00e0&nbsp; TOULOUSE, le 25\/10\/2019<\/p>\n","protected":false},"excerpt":{"rendered":"<p>Clause n\u00b0 1 : Objet Les conditions g\u00e9n\u00e9rales de vente d\u00e9crites ci-apr\u00e8s d\u00e9taillent les droits et obligations d\u2019 ALFRED PRODUCTIONS et de son client dans le cadre de la vente des marchandises suivantes : &#8230; (le vendeur doit recenser les marchandises soumises aux CGV). Toute prestation accomplie par ALFRED PRODUCTIONS implique donc l&rsquo;adh\u00e9sion sans r\u00e9serve [&hellip;]<\/p>\n","protected":false},"author":1,"featured_media":0,"parent":0,"menu_order":0,"comment_status":"closed","ping_status":"closed","template":"","meta":[],"_links":{"self":[{"href":"https:\/\/tobroprod.org\/boutique\/wp-json\/wp\/v2\/pages\/150"}],"collection":[{"href":"https:\/\/tobroprod.org\/boutique\/wp-json\/wp\/v2\/pages"}],"about":[{"href":"https:\/\/tobroprod.org\/boutique\/wp-json\/wp\/v2\/types\/page"}],"author":[{"embeddable":true,"href":"https:\/\/tobroprod.org\/boutique\/wp-json\/wp\/v2\/users\/1"}],"replies":[{"embeddable":true,"href":"https:\/\/tobroprod.org\/boutique\/wp-json\/wp\/v2\/comments?post=150"}],"version-history":[{"count":1,"href":"https:\/\/tobroprod.org\/boutique\/wp-json\/wp\/v2\/pages\/150\/revisions"}],"predecessor-version":[{"id":151,"href":"https:\/\/tobroprod.org\/boutique\/wp-json\/wp\/v2\/pages\/150\/revisions\/151"}],"wp:attachment":[{"href":"https:\/\/tobroprod.org\/boutique\/wp-json\/wp\/v2\/media?parent=150"}],"curies":[{"name":"wp","href":"https:\/\/api.w.org\/{rel}","templated":true}]}}